{"id":58513,"date":"2019-08-14T11:10:25","date_gmt":"2019-08-14T10:10:25","guid":{"rendered":"https:\/\/engelmann.com\/?page_id=58513"},"modified":"2019-08-14T11:10:25","modified_gmt":"2019-08-14T10:10:25","slug":"datenrettung-file-recovery-sinn","status":"publish","type":"page","link":"https:\/\/engelmann.com\/de\/datenrettung-file-recovery-sinn\/","title":{"rendered":"Wann macht eine File Recovery Sinn?"},"content":{"rendered":"\n<div class=\"wp-block-image\"><figure class=\"alignright\"><img decoding=\"async\" src=\"https:\/\/engelmann.com\/wp-content\/uploads\/2018\/04\/datenrettungs-kompendium.png\" alt=\"Datenrettungs-Kompendium\" class=\"wp-image-52994\"\/><\/figure><\/div>\n\n\n\n<p>Eine File Recovery ist ein wichtiger Eingriff, falls mal die Daten vom Computer oder anderen Ger\u00e4ten verloren gegangen sein sollten. Nat\u00fcrlich will man das nicht einfach so auf sich sitzen lassen und geht deswegen direkt zum Experten. Nun ist die Frage, ob es \u00fcberhaupt Sinn macht diese Datenrettung durchf\u00fchren zu lassen. Es kommt hierbei immer auf den Wert der Daten an. Zun\u00e4chst muss sowieso gesagt werden, dass in jedem Fall vorher eine Reparatur durchgef\u00fchrt werden muss. Denn die Daten verschwinden nicht einfach so. Entweder ist die Hardware gesch\u00e4digt oder die Software ist mit einem Virus befallen. Die Festplatte und das System muss also zun\u00e4chst untersucht werden, anschlie\u00dfend repariert werden und dann erst k\u00f6nnen die Daten zur\u00fcck geholt werden.<\/p>\n\n\n\n<p>Diese Prozesse kosten alle Geld und haben nat\u00fcrlich irgendwo eine Schmerzgrenze. Was auf jeden Fall getan werden muss, ist die Reparatur. Schlie\u00dflich m\u00fcssen Sie Ihren Computer auch weiterhin nutzen k\u00f6nnen. Der Experte wird Ihnen dann sagen, wie viel die File Recovery kosten k\u00f6nnte. Die Preisspanne variiert n\u00e4mlich stark und kann auch manchmal mehrere Hundert Euro kosten. Bleiben Sie sich also in jedem Moment klar, ob Ihnen die Daten soviel wert sind. In vielen F\u00e4llen ist es v\u00f6llig richtig eine File Recovery durchzuf\u00fchren. Zum Beispiel bei Ihrem Arbeitscomputer. Dort befinden sich nat\u00fcrlich wichtige Daten und Programme die man nicht mal eben einfach ersetzen kann.<\/p>\n\n\n\n<p>Nat\u00fcrlich ist man sehr an die eigenen Daten gew\u00f6hnt, man wei\u00df wo alles ist und es fehlt nie etwas. Nat\u00fcrlich ist man bereit daf\u00fcr viel Geld auszugeben. Ein extremes Beispiel ist die SD Karte. Wenn diese Probleme mit dem Speichermedium hat wird es fast unbezahlbar alles zu bezahlen. Eine neue SD Karte kostet aber nur ein paar Euro. Sie m\u00fcssen also abw\u00e4gen. Wenn unter Ihren Daten viele Bilder mit emotionalem Wert sind, sollten Sie kein Geld scheuen und ruhig mehr in die Hand nehmen.<\/p>\n\n\n\n<p>Es kann also gesagt werden, dass die Entscheidung, ob man eine File Recovery machen sollte, bei einem selbst liegt. Dies hat n\u00e4mlich mit einem emotionalem Wert zutun und nicht unbedingt mit materiellem Wert. \u00dcberlegen Sie sich einfach, ob sich Ihre Daten leicht ersetzen lassen. Wenn nicht, m\u00fcssen Sie eine File Recovery machen.<\/p>\n\n\n\n<hr class=\"wp-block-separator\"\/>\n\n\n\n<p><strong>Bitte beachten Sie:<\/strong>\u00a0Wir empfehlen zur Datenrettung unsere Software SecuPerts\u00a0<a href=\"https:\/\/first-aid-kit.net\/\">First Aid Kit<\/a>.<\/p>\n\n\n\n<p>&lt;-&nbsp;<a href=\"https:\/\/engelmann.com\/de\/kompendium-datenrettung\/\">Zur\u00fcck zum Inhaltsverzeichnis<\/a><\/p>\n","protected":false},"excerpt":{"rendered":"<p>Eine File Recovery ist ein wichtiger Eingriff, falls mal die Daten vom Computer oder anderen Ger\u00e4ten verloren gegangen sein sollten. Nat\u00fcrlich will man das nicht &#8230; <a title=\"Wann macht eine File Recovery Sinn?\" class=\"read-more\" href=\"https:\/\/engelmann.com\/de\/datenrettung-file-recovery-sinn\/\" aria-label=\"Mehr Informationen \u00fcber Wann macht eine File Recovery Sinn?\">Details \u279c<\/a><\/p>\n","protected":false},"author":3,"featured_media":0,"parent":0,"menu_order":0,"comment_status":"closed","ping_status":"closed","template":"","meta":{"om_disable_all_campaigns":false,"_uag_custom_page_level_css":"","_monsterinsights_skip_tracking":false,"_monsterinsights_sitenote_active":false,"_monsterinsights_sitenote_note":"","_monsterinsights_sitenote_category":0,"footnotes":""},"class_list":{"0":"post-58513","1":"page","2":"type-page","3":"status-publish","5":"infinite-scroll-item","6":"no-featured-image-padding"},"aioseo_notices":[],"spectra_custom_meta":{"cleverpush_send_notification":["",""],"_wpml_media_featured":["1","1"],"_wpml_media_duplicate":["1","1"],"aal_manualgenerated":["a:0:{}"],"_edit_last":["2"],"slide_template":["default"],"_schema_article":["a:12:{s:6:\"active\";N;s:8:\"headline\";N;s:16:\"mainEntityOfPage\";N;s:6:\"author\";N;s:5:\"image\";N;s:13:\"datePublished\";N;s:12:\"dateModified\";N;s:9:\"publisher\";N;s:14:\"publisherImage\";N;s:11:\"description\";N;s:11:\"articleBody\";N;s:19:\"alternativeHeadline\";N;}"],"_schema_blog_posting":["a:11:{s:6:\"active\";N;s:8:\"headline\";N;s:16:\"mainEntityOfPage\";N;s:6:\"author\";N;s:5:\"image\";N;s:13:\"datePublished\";N;s:12:\"dateModified\";N;s:9:\"publisher\";N;s:14:\"publisherImage\";N;s:11:\"description\";N;s:11:\"articleBody\";N;}"],"_schema_news_article":["a:11:{s:6:\"active\";N;s:8:\"headline\";N;s:16:\"mainEntityOfPage\";N;s:6:\"author\";N;s:5:\"image\";N;s:13:\"datePublished\";N;s:12:\"dateModified\";N;s:9:\"publisher\";N;s:14:\"publisherImage\";N;s:11:\"description\";N;s:11:\"articleBody\";N;}"],"_schema_event":["a:14:{s:6:\"active\";N;s:4:\"name\";N;s:12:\"locationName\";N;s:15:\"locationAddress\";N;s:9:\"startDate\";N;s:7:\"endDate\";N;s:11:\"description\";N;s:13:\"performerName\";N;s:5:\"image\";N;s:5:\"price\";N;s:13:\"priceCurrency\";N;s:12:\"availability\";N;s:9:\"validFrom\";N;s:3:\"url\";N;}"],"_schema_product":["a:20:{s:6:\"active\";N;s:4:\"name\";N;s:5:\"image\";N;s:11:\"description\";N;s:3:\"sku\";N;s:5:\"brand\";N;s:15:\"identifier_type\";s:3:\"mpn\";s:10:\"identifier\";N;s:17:\"reviewRatingValue\";N;s:16:\"reviewBestRating\";N;s:17:\"reviewWorstRating\";N;s:12:\"reviewAuthor\";N;s:11:\"ratingValue\";N;s:11:\"reviewCount\";N;s:5:\"price\";N;s:15:\"priceValidUntil\";N;s:13:\"priceCurrency\";N;s:12:\"availability\";N;s:13:\"itemCondition\";N;s:3:\"url\";N;}"],"_schema_video":["a:10:{s:6:\"active\";N;s:4:\"name\";N;s:11:\"description\";N;s:12:\"thumbnailUrl\";N;s:10:\"uploadDate\";N;s:8:\"duration\";N;s:10:\"contentUrl\";N;s:8:\"embedUrl\";N;s:16:\"interactionCount\";N;s:7:\"expires\";N;}"],"_schema_service":["a:13:{s:6:\"active\";N;s:4:\"name\";N;s:11:\"serviceType\";N;s:14:\"additionalType\";N;s:5:\"award\";N;s:8:\"category\";N;s:16:\"providerMobility\";N;s:11:\"description\";N;s:5:\"image\";N;s:16:\"mainEntityOfPage\";N;s:6:\"sameAs\";N;s:3:\"url\";N;s:13:\"alternateName\";N;}"],"_schema_review":["a:10:{s:6:\"active\";N;s:8:\"itemName\";N;s:10:\"reviewBody\";N;s:4:\"name\";N;s:6:\"author\";N;s:13:\"datePublished\";N;s:11:\"ratingValue\";N;s:10:\"bestRating\";N;s:11:\"worstRating\";N;s:9:\"publisher\";N;}"],"_schema_aggregate_rating":["a:13:{s:6:\"active\";N;s:11:\"schema_type\";N;s:4:\"name\";N;s:5:\"image\";N;s:10:\"priceRange\";N;s:9:\"telephone\";N;s:7:\"address\";N;s:11:\"description\";N;s:11:\"ratingCount\";N;s:11:\"reviewCount\";N;s:11:\"ratingValue\";N;s:10:\"bestRating\";N;s:11:\"worstRating\";N;}"],"_schema_restaurant":["a:10:{s:6:\"active\";N;s:4:\"name\";N;s:11:\"description\";N;s:12:\"openingHours\";N;s:9:\"telephone\";N;s:4:\"menu\";N;s:5:\"image\";N;s:7:\"address\";N;s:10:\"priceRange\";N;s:13:\"servesCuisine\";N;}"],"_schema_localBusiness":["a:10:{s:6:\"active\";N;s:4:\"name\";N;s:11:\"description\";N;s:5:\"image\";N;s:10:\"priceRange\";N;s:15:\"addressLocality\";N;s:13:\"addressRegion\";N;s:10:\"postalCode\";N;s:13:\"streetAddress\";N;s:9:\"telephone\";N;}"],"_schema_book":["a:0:{}"],"_schema_course":["a:0:{}"],"_schema_JobPosting":["a:0:{}"],"_schema_movie":["a:0:{}"],"_schema_music":["a:0:{}"],"_schema_recipe":["a:0:{}"],"_schema_TVEpisode":["a:0:{}"],"_schema_question":["a:0:{}"],"_schema_itemList":["a:0:{}"],"_kcseo_ative_tab":[""],"_yoast_wpseo_content_score":["60"],"_yoast_wpseo_focuskeywords":["[]"],"_yoast_wpseo_keywordsynonyms":["[\"\"]"],"wpmdr_menu":["1"],"_uag_migration_processed":["1"],"_wpml_word_count":["407"],"_uag_page_assets":["a:9:{s:3:\"css\";s:0:\"\";s:2:\"js\";s:0:\"\";s:18:\"current_block_list\";a:3:{i:0;s:10:\"core\/image\";i:1;s:14:\"core\/paragraph\";i:2;s:14:\"core\/separator\";}s:8:\"uag_flag\";b:0;s:11:\"uag_version\";s:10:\"1776507788\";s:6:\"gfonts\";a:0:{}s:10:\"gfonts_url\";s:0:\"\";s:12:\"gfonts_files\";a:0:{}s:14:\"uag_faq_layout\";b:0;}"]},"uagb_featured_image_src":{"full":false,"thumbnail":false,"medium":false,"medium_large":false,"large":false,"1536x1536":false,"2048x2048":false},"uagb_author_info":{"display_name":"Ulrich Engelmann","author_link":"https:\/\/engelmann.com\/de\/author\/uengelmann\/"},"uagb_comment_info":0,"uagb_excerpt":"Eine File Recovery ist ein wichtiger Eingriff, falls mal die Daten vom Computer oder anderen Ger\u00e4ten verloren gegangen sein sollten. Nat\u00fcrlich will man das nicht ... Details \u279c","_links":{"self":[{"href":"https:\/\/engelmann.com\/de\/wp-json\/wp\/v2\/pages\/58513","targetHints":{"allow":["GET"]}}],"collection":[{"href":"https:\/\/engelmann.com\/de\/wp-json\/wp\/v2\/pages"}],"about":[{"href":"https:\/\/engelmann.com\/de\/wp-json\/wp\/v2\/types\/page"}],"author":[{"embeddable":true,"href":"https:\/\/engelmann.com\/de\/wp-json\/wp\/v2\/users\/3"}],"replies":[{"embeddable":true,"href":"https:\/\/engelmann.com\/de\/wp-json\/wp\/v2\/comments?post=58513"}],"version-history":[{"count":0,"href":"https:\/\/engelmann.com\/de\/wp-json\/wp\/v2\/pages\/58513\/revisions"}],"wp:attachment":[{"href":"https:\/\/engelmann.com\/de\/wp-json\/wp\/v2\/media?parent=58513"}],"curies":[{"name":"wp","href":"https:\/\/api.w.org\/{rel}","templated":true}]}}