{"id":59020,"date":"2019-08-19T15:30:52","date_gmt":"2019-08-19T14:30:52","guid":{"rendered":"https:\/\/engelmann.com\/?page_id=59020"},"modified":"2019-09-02T09:55:24","modified_gmt":"2019-09-02T08:55:24","slug":"treiber-amd","status":"publish","type":"page","link":"https:\/\/engelmann.com\/de\/treiber-amd\/","title":{"rendered":"AMD Treiber Download"},"content":{"rendered":"\n<div class=\"wp-block-image\"><figure class=\"alignright\"><img loading=\"lazy\" decoding=\"async\" width=\"128\" height=\"128\" src=\"https:\/\/engelmann.com\/wp-content\/uploads\/2019\/08\/treiber-driver-update.png\" alt=\"Treiber aktualisieren download\" class=\"wp-image-58622\"\/><\/figure><\/div>\n\n\n\n<p>Support, Treiber Updates und Treiber Downloads zum Hardware Hersteller&nbsp;AMD:<\/p>\n\n\n\n<h2 class=\"wp-block-heading\">Kontaktdaten AMD<\/h2>\n\n\n\n<p>Die Firmenanschrift von AMD lautet:<\/p>\n\n\n\n<div class=\"wp-block-image\"><figure class=\"alignright is-resized\"><img loading=\"lazy\" decoding=\"async\" src=\"https:\/\/engelmann.com\/wp-content\/uploads\/2019\/08\/amd-treiber-update-.jpg\" alt=\"AMD Treiber\" class=\"wp-image-58719\" width=\"411\" height=\"99\" srcset=\"https:\/\/engelmann.com\/wp-content\/uploads\/2019\/08\/amd-treiber-update-.jpg 821w, https:\/\/engelmann.com\/wp-content\/uploads\/2019\/08\/amd-treiber-update--300x72.jpg 300w, https:\/\/engelmann.com\/wp-content\/uploads\/2019\/08\/amd-treiber-update--768x184.jpg 768w\" sizes=\"auto, (max-width: 411px) 100vw, 411px\" \/><\/figure><\/div>\n\n\n\n<p style=\"text-align:left\"><strong>Advanced Micro Devices<\/strong><br>2485 Augustine Drive<br>95054 Santa Clara, CA, USA<br><strong><br>Website<\/strong> DE\/EN:  <a rel=\"noreferrer noopener\" aria-label=\"https:\/\/www.amd.com (\u00f6ffnet in neuem Tab)\" href=\"https:\/\/www.amd.com\" target=\"_blank\">https:\/\/www.amd.com<\/a><br><strong>Support, Service, Handb\u00fccher, RMA, Forum, FAQs<\/strong>:  <a href=\"https:\/\/www.amd.com\/de\">https:\/\/www.amd.com\/<\/a> <br><strong>Download FTP-Server<\/strong>: &#8211;<\/p>\n\n\n\n<p>AMD ist vor allem bekannt als Hersteller f\u00fcr AMD Athlon Prozessoren und Gforce HD- und 4K-Grafikkarten mit GPU Support, aber auch f\u00fcr Controller und Mainboards. Direkte Konkurrenten d\u00fcrfte vor allem Intel und Nvidia sein. Bekannte Grafikkarten sind z.B. die AMD Radeon\u2122 Software Adrenalin Edition, allgemein die AMD&nbsp;Radeon Grafikkarten oder Ryzen.&nbsp; <\/p>\n\n\n\n<p>U.a. hat AMD die Firma ATI \u00fcbernommen, deren ATI Catalyst Software ein Treiberpaket f\u00fcr die Radeon Grafikkarte ist. Neben dem eigentlichen Treiber beinhaltet das Paket auch das Catalyst Control Center.  <\/p>\n\n\n\n<h2 class=\"wp-block-heading\">Top Ger\u00e4tetreiber von AMD<\/h2>\n\n\n\n<table id=\"tablepress-3\" class=\"tablepress tablepress-id-3\">\n<thead>\n<tr class=\"row-1\">\n\t<th class=\"column-1\">Bezeichnung<\/th><th class=\"column-2\">Kategorie<\/th><th class=\"column-3\">Hersteller<\/th><th class=\"column-4\">Betriebssystem<\/th><th class=\"column-5\">Version<\/th><th class=\"column-6\">Architektur<\/th><th class=\"column-7\">Treiber aktualisieren \/ Download<\/th>\n<\/tr>\n<\/thead>\n<tbody class=\"row-striping row-hover\">\n<tr class=\"row-2\">\n\t<td class=\"column-1\">AMD Radeon R5 200 Series<\/td><td class=\"column-2\">Display<\/td><td class=\"column-3\">Advanced Micro Devices, Inc<\/td><td class=\"column-4\">Windows 10<\/td><td class=\"column-5\">1520010621004<\/td><td class=\"column-6\">32 bit<\/td><td class=\"column-7\"><a href=\"https:\/\/driver-updater.org\/\">amd-catalyst-15.7.1-win10-32bit.zip<\/a><\/td>\n<\/tr>\n<tr class=\"row-3\">\n\t<td class=\"column-1\">AMD Radeon (TM) R5 M335<\/td><td class=\"column-2\">Display<\/td><td class=\"column-3\">Advanced Micro Devices, Inc<\/td><td class=\"column-4\">Windows 7<\/td><td class=\"column-5\">1520010621004<\/td><td class=\"column-6\">64 bit<\/td><td class=\"column-7\"><a href=\"https:\/\/driver-updater.org\/\">amd-catalyst-15.7.1-with-dotnet45-win7-64bit.zip<\/a><\/td>\n<\/tr>\n<tr class=\"row-4\">\n\t<td class=\"column-1\">AMD Radeon(TM) HD 6480G<\/td><td class=\"column-2\">Display<\/td><td class=\"column-3\">Advanced Micro Devices, Inc<\/td><td class=\"column-4\">February 6, 1900<\/td><td class=\"column-5\">1520010621004<\/td><td class=\"column-6\">32 bit<\/td><td class=\"column-7\"><a href=\"https:\/\/driver-updater.org\/\">amd-catalyst-15.7.1-with-dotnet45-win8.1-32bit.zip<\/a><\/td>\n<\/tr>\n<tr class=\"row-5\">\n\t<td class=\"column-1\">Radeon(TM) Pro Duo<\/td><td class=\"column-2\">Display<\/td><td class=\"column-3\">Advanced Micro Devices, Inc<\/td><td class=\"column-4\">February 6, 1900<\/td><td class=\"column-5\">16.150.2211.0<\/td><td class=\"column-6\">64 bit<\/td><td class=\"column-7\"><a href=\"https:\/\/driver-updater.org\/\">radeon-crimson-16.3.2-win8.1-64bit.zip<\/a><\/td>\n<\/tr>\n<tr class=\"row-6\">\n\t<td class=\"column-1\">AMD HSA (with WDDM)<\/td><td class=\"column-2\">Display<\/td><td class=\"column-3\">Advanced Micro Devices, Inc<\/td><td class=\"column-4\">Windows 10<\/td><td class=\"column-5\">21.19.137.1<\/td><td class=\"column-6\">64 bit<\/td><td class=\"column-7\"><a href=\"https:\/\/driver-updater.org\/\">whql-win10-64bit-radeon-software-crimson-16.9.2-sep29.zip<\/a><\/td>\n<\/tr>\n<tr class=\"row-7\">\n\t<td class=\"column-1\">AMD Readeon R7 350 Series<\/td><td class=\"column-2\">Display<\/td><td class=\"column-3\">Advanced Micro Devices, Inc<\/td><td class=\"column-4\">February 6, 1900<\/td><td class=\"column-5\">22.19.162.4<\/td><td class=\"column-6\">64 bit<\/td><td class=\"column-7\"><a href=\"https:\/\/driver-updater.org\/\">whql-win8.1-64bit-radeon-software-crimson-relive-17.4.4-may3.zip<\/a><\/td>\n<\/tr>\n<tr class=\"row-8\">\n\t<td class=\"column-1\">RX 560X<\/td><td class=\"column-2\">Display<\/td><td class=\"column-3\">Advanced Micro Devices, Inc<\/td><td class=\"column-4\">Windows 10<\/td><td class=\"column-5\">25.20.15002.58<\/td><td class=\"column-6\">64 bit<\/td><td class=\"column-7\"><a href=\"https:\/\/driver-updater.org\/\">win10-64bit-radeon-software-adrenalin-2019-edition-18.12.2-dec12.zip<\/a><\/td>\n<\/tr>\n<tr class=\"row-9\">\n\t<td class=\"column-1\">AMD Radeon (TM)Vega 3 Graphics<\/td><td class=\"column-2\">Display<\/td><td class=\"column-3\">Advanced Micro Devices, Inc<\/td><td class=\"column-4\">Windows 10<\/td><td class=\"column-5\">25.20.15027.9004<\/td><td class=\"column-6\">64 bit<\/td><td class=\"column-7\"><a href=\"https:\/\/driver-updater.org\/\">win10-64bit-radeon-software-adrenalin-2019-edition-19.3.3-mar20.zip<\/a><\/td>\n<\/tr>\n<tr class=\"row-10\">\n\t<td class=\"column-1\">Radeon (TM) 620<\/td><td class=\"column-2\">Display<\/td><td class=\"column-3\">Advanced Micro Devices, Inc<\/td><td class=\"column-4\">Windows 10<\/td><td class=\"column-5\">25.20.15031.1000<\/td><td class=\"column-6\">64 bit<\/td><td class=\"column-7\"><a href=\"https:\/\/driver-updater.org\/\">win10-64bit-radeon-software-adrenalin-2019-edition-19.4.1-apr1.zip<\/a><\/td>\n<\/tr>\n<tr class=\"row-11\">\n\t<td class=\"column-1\">AMD Radeon (TM) HD 8500M\/8700M<\/td><td class=\"column-2\">Display<\/td><td class=\"column-3\">Advanced Micro Devices, Inc<\/td><td class=\"column-4\">Windows 10<\/td><td class=\"column-5\">26.20.13001.18009<\/td><td class=\"column-6\">64 bit<\/td><td class=\"column-7\"><a href=\"https:\/\/driver-updater.org\/\">win10-64bit-radeon-software-adrenalin-2019-edition-19.7.3-july25.zip<\/a><\/td>\n<\/tr>\n<tr class=\"row-12\">\n\t<td class=\"column-1\">RX 560X<\/td><td class=\"column-2\">Display<\/td><td class=\"column-3\">Advanced Micro Devices, Inc<\/td><td class=\"column-4\">Windows 7<\/td><td class=\"column-5\">25.20.15002.58<\/td><td class=\"column-6\">64 bit<\/td><td class=\"column-7\"><a href=\"https:\/\/driver-updater.org\/\">win7-64bit-radeon-software-adrenalin-2019-edition-18.12.2-dec12.zip<\/a><\/td>\n<\/tr>\n<tr class=\"row-13\">\n\t<td class=\"column-1\">AMD Embedded Radeon E9170 Series<\/td><td class=\"column-2\">Display<\/td><td class=\"column-3\">Advanced Micro Devices, Inc<\/td><td class=\"column-4\">Windows 7<\/td><td class=\"column-5\">25.20.15031.1000<\/td><td class=\"column-6\">64 bit<\/td><td class=\"column-7\"><a href=\"https:\/\/driver-updater.org\/\">win7-64bit-radeon-software-adrenalin-2019-edition-19.4.1-apr3.zip<\/a><\/td>\n<\/tr>\n<tr class=\"row-14\">\n\t<td class=\"column-1\">AMD High Definition Audio Device<\/td><td class=\"column-2\">MEDIA<\/td><td class=\"column-3\">Advanced Micro Devices<\/td><td class=\"column-4\">February 6, 1900<\/td><td class=\"column-5\">9.0.0.9910<\/td><td class=\"column-6\">32 bit<\/td><td class=\"column-7\"><a href=\"https:\/\/driver-updater.org\/\">win8.1-32bit-radeon-software-crimson-relive-16.12.2-jan3.zip<\/a><\/td>\n<\/tr>\n<tr class=\"row-15\">\n\t<td class=\"column-1\">AMD SATA Controller<\/td><td class=\"column-2\">HDC<\/td><td class=\"column-3\">AMD<\/td><td class=\"column-4\">Windows 7<\/td><td class=\"column-5\">1.2.1.402<\/td><td class=\"column-6\">64 bit<\/td><td class=\"column-7\"><a href=\"https:\/\/driver-updater.org\/\">AMD_Chipset_Driver.zip<\/a><\/td>\n<\/tr>\n<tr class=\"row-16\">\n\t<td class=\"column-1\">AMD FirePro S7100X<\/td><td class=\"column-2\">Display<\/td><td class=\"column-3\">Advanced Micro Devices, Inc<\/td><td class=\"column-4\">Windows 10<\/td><td class=\"column-5\">26.20.11018.6<\/td><td class=\"column-6\">64 bit<\/td><td class=\"column-7\"><a href=\"https:\/\/driver-updater.org\/\">win10-64bit-radeon-pro-software-enterprise-19.q2.1-june5.zip<\/a><\/td>\n<\/tr>\n<tr class=\"row-17\">\n\t<td class=\"column-1\">AMD Mobility Radeon HD 5800 Series<\/td><td class=\"column-2\">Display<\/td><td class=\"column-3\">Advanced Micro Devices, Inc<\/td><td class=\"column-4\">Windows 10<\/td><td class=\"column-5\">26.20.13001.25001<\/td><td class=\"column-6\">64 bit<\/td><td class=\"column-7\"><a href=\"https:\/\/driver-updater.org\/\">win10-64bit-radeon-software-adrenalin-2019-edition-19.7.5-july31.zip<\/a><\/td>\n<\/tr>\n<tr class=\"row-18\">\n\t<td class=\"column-1\">AMD FirePro (TM) S9300 x2<\/td><td class=\"column-2\">Display<\/td><td class=\"column-3\">Advanced Micro Devices, Inc<\/td><td class=\"column-4\">Windows 7<\/td><td class=\"column-5\">26.20.11018.6<\/td><td class=\"column-6\">64 bit<\/td><td class=\"column-7\"><a href=\"https:\/\/driver-updater.org\/\">win7-64bit-radeon-pro-software-enterprise-19.q2.1-june5.zip<\/a><\/td>\n<\/tr>\n<tr class=\"row-19\">\n\t<td class=\"column-1\">AMD USB Hub<\/td><td class=\"column-2\">USB<\/td><td class=\"column-3\">Advanced Micro Devices<\/td><td class=\"column-4\">Windows 7<\/td><td class=\"column-5\">1.1.0.249<\/td><td class=\"column-6\">64 bit<\/td><td class=\"column-7\"><a href=\"https:\/\/driver-updater.org\/\">amd_chipset_drivers_19.10.0429.zip<\/a><\/td>\n<\/tr>\n<\/tbody>\n<\/table>\n\n\n\n\n<h2 class=\"wp-block-heading\">Treiber  Aktualisieren \/ Installieren \/ Herunterladen <\/h2>\n\n\n\n<p>Alle AMD Treiber &#8211; auch viele weitere Treiber f\u00fcr Ihren Computer wie von Asus, Fujitsu FSC, HP, Dell, IBM, Samsung, Lenovo, Apple, Epson, Sony, Medion, Toshiba und Ger\u00e4te bzw. Hardware wie USB, Drucker, Netzwerk, Monitore, Scanner &#8211; all das bietet unser SecuPerts Driver Updater unkompliziert an,  Schritt f\u00fcr Schritt. <\/p>\n\n\n\n<p><strong>Ein Update von Treibern wird aus Sicherheits- und Kompatibilit\u00e4tsgr\u00fcnden immer empfohlen.<\/strong> Mit dem Driver Updater haben Sie immer die aktuelle Version f\u00fcr Ihr Ger\u00e4t installiert &#8211; egal von welchem Hersteller, ob Windows 7, Windows 8.1 oder Windows 10. Es werden dabei Prozessoren u.a. von AMD und Intel unterst\u00fctzt.<\/p>\n\n\n\n<p>Eine Software zum Updaten von Treibern unter Windows hilft ungemein bei der Suche nach Treibern. Der SecuPerts Driver Updater z.B. hat mehr als 2 Millionen Treiber in der Datenbank und stellt diese zur Verf\u00fcgung. <\/p>\n\n\n\n<p>Wichtig: Bios-Chips\u00e4tze Ihres Ger\u00e4tes k\u00f6nnen Sie nur mit einer Software des Herstellers aktualisieren. Es gibt zwar Treiber f\u00fcr das Bios, diese k\u00f6nnen aber keine Aktualisierungen durchf\u00fchren.<\/p>\n\n\n\n<p>Falls Sie Fehler finden, Fragen oder Anregungen haben, uns fehlende Treiber melden wollen \u2013&nbsp;kontaktieren Sie uns einfach und <a href=\"https:\/\/engelmann.com\/de\/kontakt\/\">melden sich bei uns<\/a>. Wir haben immer ein offenes Ohr. Danke!<\/p>\n\n\n\n<p>Zur\u00fcck zur <a href=\"https:\/\/engelmann.com\/de\/tipps-und-tricks\/\">\u00dcbersicht aller Treiber<\/a><\/p>\n","protected":false},"excerpt":{"rendered":"<p>Support, Treiber Updates und Treiber Downloads zum Hardware Hersteller&nbsp;AMD: Kontaktdaten AMD Die Firmenanschrift von AMD lautet: Advanced Micro Devices2485 Augustine Drive95054 Santa Clara, CA, USAWebsite &#8230; <a title=\"AMD Treiber Download\" class=\"read-more\" href=\"https:\/\/engelmann.com\/de\/treiber-amd\/\" aria-label=\"Mehr Informationen \u00fcber AMD Treiber Download\">Details \u279c<\/a><\/p>\n","protected":false},"author":3,"featured_media":0,"parent":0,"menu_order":0,"comment_status":"closed","ping_status":"closed","template":"","meta":{"om_disable_all_campaigns":false,"_uag_custom_page_level_css":"","_monsterinsights_skip_tracking":false,"_monsterinsights_sitenote_active":false,"_monsterinsights_sitenote_note":"","_monsterinsights_sitenote_category":0,"footnotes":""},"class_list":{"0":"post-59020","1":"page","2":"type-page","3":"status-publish","5":"infinite-scroll-item","6":"no-featured-image-padding"},"aioseo_notices":[],"spectra_custom_meta":{"cleverpush_send_notification":["","",""],"_wpml_media_featured":["1","1","1","1","1"],"_wpml_media_duplicate":["1","1","1","1","1"],"slide_template":["default","default"],"_yoast_wpseo_content_score":["90","90"],"aal_manualgenerated":["a:1:{i:0;O:8:\"stdClass\":2:{s:7:\"keyword\";s:14:\"Driver Updater\";s:3:\"url\";s:27:\"https:\/\/driver-updater.org\/\";}}","a:1:{i:0;O:8:\"stdClass\":2:{s:7:\"keyword\";s:14:\"Driver Updater\";s:3:\"url\";s:27:\"https:\/\/driver-updater.org\/\";}}"],"wpmdr_menu":["1","1"],"_schema_article":["a:12:{s:6:\"active\";N;s:8:\"headline\";N;s:16:\"mainEntityOfPage\";N;s:6:\"author\";N;s:5:\"image\";N;s:13:\"datePublished\";N;s:12:\"dateModified\";N;s:9:\"publisher\";N;s:14:\"publisherImage\";N;s:11:\"description\";N;s:11:\"articleBody\";N;s:19:\"alternativeHeadline\";N;}"],"_schema_blog_posting":["a:11:{s:6:\"active\";N;s:8:\"headline\";N;s:16:\"mainEntityOfPage\";N;s:6:\"author\";N;s:5:\"image\";N;s:13:\"datePublished\";N;s:12:\"dateModified\";N;s:9:\"publisher\";N;s:14:\"publisherImage\";N;s:11:\"description\";N;s:11:\"articleBody\";N;}"],"_schema_news_article":["a:11:{s:6:\"active\";N;s:8:\"headline\";N;s:16:\"mainEntityOfPage\";N;s:6:\"author\";N;s:5:\"image\";N;s:13:\"datePublished\";N;s:12:\"dateModified\";N;s:9:\"publisher\";N;s:14:\"publisherImage\";N;s:11:\"description\";N;s:11:\"articleBody\";N;}"],"_schema_event":["a:14:{s:6:\"active\";N;s:4:\"name\";N;s:12:\"locationName\";N;s:15:\"locationAddress\";N;s:9:\"startDate\";N;s:7:\"endDate\";N;s:11:\"description\";N;s:13:\"performerName\";N;s:5:\"image\";N;s:5:\"price\";N;s:13:\"priceCurrency\";N;s:12:\"availability\";N;s:9:\"validFrom\";N;s:3:\"url\";N;}"],"_schema_product":["a:20:{s:6:\"active\";N;s:4:\"name\";N;s:5:\"image\";N;s:11:\"description\";N;s:3:\"sku\";N;s:5:\"brand\";N;s:15:\"identifier_type\";s:3:\"mpn\";s:10:\"identifier\";N;s:17:\"reviewRatingValue\";N;s:16:\"reviewBestRating\";N;s:17:\"reviewWorstRating\";N;s:12:\"reviewAuthor\";N;s:11:\"ratingValue\";N;s:11:\"reviewCount\";N;s:5:\"price\";N;s:15:\"priceValidUntil\";N;s:13:\"priceCurrency\";N;s:12:\"availability\";N;s:13:\"itemCondition\";N;s:3:\"url\";N;}"],"_schema_video":["a:10:{s:6:\"active\";N;s:4:\"name\";N;s:11:\"description\";N;s:12:\"thumbnailUrl\";N;s:10:\"uploadDate\";N;s:8:\"duration\";N;s:10:\"contentUrl\";N;s:8:\"embedUrl\";N;s:16:\"interactionCount\";N;s:7:\"expires\";N;}"],"_schema_service":["a:13:{s:6:\"active\";N;s:4:\"name\";N;s:11:\"serviceType\";N;s:14:\"additionalType\";N;s:5:\"award\";N;s:8:\"category\";N;s:16:\"providerMobility\";N;s:11:\"description\";N;s:5:\"image\";N;s:16:\"mainEntityOfPage\";N;s:6:\"sameAs\";N;s:3:\"url\";N;s:13:\"alternateName\";N;}"],"_schema_review":["a:10:{s:6:\"active\";N;s:8:\"itemName\";N;s:10:\"reviewBody\";N;s:4:\"name\";N;s:6:\"author\";N;s:13:\"datePublished\";N;s:11:\"ratingValue\";N;s:10:\"bestRating\";N;s:11:\"worstRating\";N;s:9:\"publisher\";N;}"],"_schema_aggregate_rating":["a:13:{s:6:\"active\";N;s:11:\"schema_type\";N;s:4:\"name\";N;s:5:\"image\";N;s:10:\"priceRange\";N;s:9:\"telephone\";N;s:7:\"address\";N;s:11:\"description\";N;s:11:\"ratingCount\";N;s:11:\"reviewCount\";N;s:11:\"ratingValue\";N;s:10:\"bestRating\";N;s:11:\"worstRating\";N;}"],"_schema_restaurant":["a:10:{s:6:\"active\";N;s:4:\"name\";N;s:11:\"description\";N;s:12:\"openingHours\";N;s:9:\"telephone\";N;s:4:\"menu\";N;s:5:\"image\";N;s:7:\"address\";N;s:10:\"priceRange\";N;s:13:\"servesCuisine\";N;}"],"_schema_localBusiness":["a:10:{s:6:\"active\";N;s:4:\"name\";N;s:11:\"description\";N;s:5:\"image\";N;s:10:\"priceRange\";N;s:15:\"addressLocality\";N;s:13:\"addressRegion\";N;s:10:\"postalCode\";N;s:13:\"streetAddress\";N;s:9:\"telephone\";N;}"],"_schema_book":["a:0:{}"],"_schema_course":["a:0:{}"],"_schema_JobPosting":["a:0:{}"],"_schema_movie":["a:0:{}"],"_schema_music":["a:0:{}"],"_schema_recipe":["a:0:{}"],"_schema_TVEpisode":["a:0:{}"],"_schema_question":["a:0:{}"],"_schema_itemList":["a:0:{}"],"_kcseo_ative_tab":[""],"_yoast_wpseo_focuskeywords":["[]"],"_yoast_wpseo_keywordsynonyms":["[\"\"]"],"_yoast_wpseo_focuskw":["amd treiber"],"_yoast_wpseo_title":["AMD Treiber | Treiber automatisch aktualisieren | Driver Updater"],"_yoast_wpseo_metadesc":["lll\u27a4 Hier erhalten Sie Informationen f\u00fcr Service, Support und Treiber Updates f\u00fcr Ihre AMD Produkte. \u2713\u2713\u2713 Letzte Aktualisierung: %%currentmonth%% %%currentyear%% \u2705"],"_yoast_wpseo_linkdex":["75"],"_dp_original":["58716"],"_wp_page_template":[""],"_edit_lock":["1567414524:3"],"_edit_last":["3"],"cleverpush_title":[null],"cleverpush_text":[null],"_uag_migration_processed":["1"],"_wpml_media_has_media":["1"],"_uag_page_assets":["a:9:{s:3:\"css\";s:0:\"\";s:2:\"js\";s:0:\"\";s:18:\"current_block_list\";a:4:{i:0;s:10:\"core\/image\";i:1;s:14:\"core\/paragraph\";i:2;s:12:\"core\/heading\";i:3;s:14:\"core\/shortcode\";}s:8:\"uag_flag\";b:0;s:11:\"uag_version\";s:10:\"1776869132\";s:6:\"gfonts\";a:0:{}s:10:\"gfonts_url\";s:0:\"\";s:12:\"gfonts_files\";a:0:{}s:14:\"uag_faq_layout\";b:0;}"]},"uagb_featured_image_src":{"full":false,"thumbnail":false,"medium":false,"medium_large":false,"large":false,"1536x1536":false,"2048x2048":false},"uagb_author_info":{"display_name":"Ulrich Engelmann","author_link":"https:\/\/engelmann.com\/de\/author\/uengelmann\/"},"uagb_comment_info":0,"uagb_excerpt":"Support, Treiber Updates und Treiber Downloads zum Hardware Hersteller&nbsp;AMD: Kontaktdaten AMD Die Firmenanschrift von AMD lautet: Advanced Micro Devices2485 Augustine Drive95054 Santa Clara, CA, USAWebsite ... Details \u279c","_links":{"self":[{"href":"https:\/\/engelmann.com\/de\/wp-json\/wp\/v2\/pages\/59020","targetHints":{"allow":["GET"]}}],"collection":[{"href":"https:\/\/engelmann.com\/de\/wp-json\/wp\/v2\/pages"}],"about":[{"href":"https:\/\/engelmann.com\/de\/wp-json\/wp\/v2\/types\/page"}],"author":[{"embeddable":true,"href":"https:\/\/engelmann.com\/de\/wp-json\/wp\/v2\/users\/3"}],"replies":[{"embeddable":true,"href":"https:\/\/engelmann.com\/de\/wp-json\/wp\/v2\/comments?post=59020"}],"version-history":[{"count":5,"href":"https:\/\/engelmann.com\/de\/wp-json\/wp\/v2\/pages\/59020\/revisions"}],"predecessor-version":[{"id":59427,"href":"https:\/\/engelmann.com\/de\/wp-json\/wp\/v2\/pages\/59020\/revisions\/59427"}],"wp:attachment":[{"href":"https:\/\/engelmann.com\/de\/wp-json\/wp\/v2\/media?parent=59020"}],"curies":[{"name":"wp","href":"https:\/\/api.w.org\/{rel}","templated":true}]}}