{"id":59140,"date":"2019-08-20T15:55:28","date_gmt":"2019-08-20T14:55:28","guid":{"rendered":"https:\/\/engelmann.com\/?page_id=59140"},"modified":"2019-08-20T20:27:01","modified_gmt":"2019-08-20T19:27:01","slug":"treiber-ati","status":"publish","type":"page","link":"https:\/\/engelmann.com\/de\/treiber-ati\/","title":{"rendered":"ATI Treiber Download"},"content":{"rendered":"\n<figure class=\"wp-block-image link-preview-img\"><img loading=\"lazy\" decoding=\"async\" width=\"512\" height=\"512\" src=\"https:\/\/engelmann.com\/wp-content\/uploads\/2019\/08\/emg-logo-3C-512px.jpg\" alt=\"\" class=\"wp-image-58358\" srcset=\"https:\/\/engelmann.com\/wp-content\/uploads\/2019\/08\/emg-logo-3C-512px.jpg 512w, https:\/\/engelmann.com\/wp-content\/uploads\/2019\/08\/emg-logo-3C-512px-150x150.jpg 150w, https:\/\/engelmann.com\/wp-content\/uploads\/2019\/08\/emg-logo-3C-512px-300x300.jpg 300w\" sizes=\"auto, (max-width: 512px) 100vw, 512px\" \/><\/figure>\n\n\n\n<div class=\"wp-block-image\"><figure class=\"alignright\"><img loading=\"lazy\" decoding=\"async\" width=\"128\" height=\"128\" src=\"https:\/\/engelmann.com\/wp-content\/uploads\/2019\/08\/treiber-driver-update.png\" alt=\"Treiber aktualisieren download\" class=\"wp-image-58622\"\/><\/figure><\/div>\n\n\n\n<p>Support, Treiber Updates und Treiber Downloads zum Hardware Hersteller&nbsp;ATI:<\/p>\n\n\n\n<h2 class=\"wp-block-heading\">Kontaktdaten ATI<\/h2>\n\n\n\n<p>Die Firmenanschrift von ATI lautet:<\/p>\n\n\n\n<div class=\"wp-block-image\"><figure class=\"alignright\"><img loading=\"lazy\" decoding=\"async\" width=\"176\" height=\"125\" src=\"https:\/\/engelmann.com\/wp-content\/uploads\/2019\/08\/ati-treiber.png\" alt=\"\" class=\"wp-image-59143\"\/><\/figure><\/div>\n\n\n\n<p style=\"text-align:left\"><strong>ATI Technologies Inc.<\/strong>&nbsp;(kurz&nbsp;<strong>ATI<\/strong>) <br>1 Commerce Valley Drive East Markham<br>ON, Kanada<\/p>\n\n\n\n<p><strong>Website<\/strong> DE\/EN: &#8211; <br><strong>Support, Service, Handb\u00fccher, RMA, Forum, FAQs<\/strong>: &#8211;<br><strong>Download FTP-Server<\/strong>: &#8211;   <\/p>\n\n\n\n<p>ATI war lange Zeit einer der wichtigsten Hersteller f\u00fcr Grafikkarten. Im Jahr 2006 wurde ATI durch die Firma Advanced Micro Devices, Inc.&nbsp;(AMD) \u00fcbernommen. Seit Ende 2010 werden keine Produkte mehr unter dem Markennamen ATI vertrieben. Alle <a href=\"https:\/\/engelmann.com\/de\/treiber-amd\/\">Treiber der Produkte von AMD finden Sie hier&#8230;<\/a><\/p>\n\n\n\n<h2 class=\"wp-block-heading\">Top Ger\u00e4tetreiber von ATI<\/h2>\n\n\n\n<section class=\"wp-block-uagb-section uagb-section__wrap uagb-section__background-undefined tablepress-wrapper\" id=\"uagb-section-49da3ebb-691b-43d9-8e27-5a1a8ed5def1\"><div class=\"uagb-section__overlay\"><\/div><div class=\"uagb-section__inner-wrap\">\n<p>Keine kompatiblen Treiber f\u00fcr Windows 7, Windows 8.1 oder Windows 10.<\/p>\n<\/div><\/section>\n\n\n\n<h2 class=\"wp-block-heading\">Treiber  Aktualisieren \/ Installieren \/ Herunterladen <\/h2>\n\n\n\n<p>Alle ATI Treiber &#8211; auch viele weitere Treiber f\u00fcr Ihren Computer wie von Asus, Fujitsu FSC, HP, Dell, IBM, Samsung, Lenovo, Apple, Epson, Sony, Medion, Toshiba und Ger\u00e4te bzw. Hardware wie USB, Drucker, Netzwerk, Monitore, Scanner &#8211; all das bietet unser SecuPerts Driver Updater unkompliziert an,  Schritt f\u00fcr Schritt. <\/p>\n\n\n\n<p><strong>Ein Update von Treibern wird aus Sicherheits- und Kompatibilit\u00e4tsgr\u00fcnden immer empfohlen.<\/strong> Mit dem Driver Updater haben Sie immer die aktuelle Version f\u00fcr Ihr Ger\u00e4t installiert &#8211; egal von welchem Hersteller, ob Windows 7, Windows 8.1 oder Windows 10. Es werden dabei Prozessoren u.a. von AMD und Intel unterst\u00fctzt.<\/p>\n\n\n\n<p>Eine Software zum Updaten von Treibern unter Windows hilft ungemein bei der Suche nach Treibern. Der SecuPerts Driver Updater z.B. hat mehr als 2 Millionen Treiber in der Datenbank und stellt diese zur Verf\u00fcgung. <\/p>\n\n\n\n<p>Wichtig: Bios-Chips\u00e4tze Ihres Ger\u00e4tes k\u00f6nnen Sie nur mit einer Software des Herstellers aktualisieren. Es gibt zwar Treiber f\u00fcr das Bios, diese k\u00f6nnen aber keine Aktualisierungen durchf\u00fchren.<\/p>\n\n\n\n<p>Falls Sie Fehler finden, Fragen oder Anregungen haben, uns fehlende Treiber melden wollen \u2013&nbsp;kontaktieren Sie uns einfach und <a href=\"https:\/\/engelmann.com\/de\/kontakt\/\">melden sich bei uns<\/a>. Wir haben immer ein offenes Ohr. Danke!<\/p>\n\n\n\n<p>Zur\u00fcck zur <a href=\"https:\/\/engelmann.com\/de\/tipps-und-tricks\/\">\u00dcbersicht aller Treiber<\/a><\/p>\n","protected":false},"excerpt":{"rendered":"<p>Support, Treiber Updates und Treiber Downloads zum Hardware Hersteller&nbsp;ATI: Kontaktdaten ATI Die Firmenanschrift von ATI lautet: ATI Technologies Inc.&nbsp;(kurz&nbsp;ATI) 1 Commerce Valley Drive East MarkhamON, &#8230; <a title=\"ATI Treiber Download\" class=\"read-more\" href=\"https:\/\/engelmann.com\/de\/treiber-ati\/\" aria-label=\"Mehr Informationen \u00fcber ATI Treiber Download\">Details \u279c<\/a><\/p>\n","protected":false},"author":3,"featured_media":0,"parent":0,"menu_order":0,"comment_status":"closed","ping_status":"closed","template":"","meta":{"om_disable_all_campaigns":false,"_uag_custom_page_level_css":"","_monsterinsights_skip_tracking":false,"_monsterinsights_sitenote_active":false,"_monsterinsights_sitenote_note":"","_monsterinsights_sitenote_category":0,"footnotes":""},"class_list":{"0":"post-59140","1":"page","2":"type-page","3":"status-publish","5":"infinite-scroll-item","6":"no-featured-image-padding"},"aioseo_notices":[],"spectra_custom_meta":{"cleverpush_send_notification":["",""],"_wpml_media_featured":["1","1","1","1"],"_wpml_media_duplicate":["1","1","1","1"],"slide_template":["default","default"],"_yoast_wpseo_content_score":["60","60"],"aal_manualgenerated":["a:1:{i:0;O:8:\"stdClass\":2:{s:7:\"keyword\";s:14:\"Driver Updater\";s:3:\"url\";s:27:\"https:\/\/driver-updater.org\/\";}}","a:1:{i:0;O:8:\"stdClass\":2:{s:7:\"keyword\";s:14:\"Driver Updater\";s:3:\"url\";s:27:\"https:\/\/driver-updater.org\/\";}}"],"wpmdr_menu":["1","1"],"_schema_article":["a:12:{s:6:\"active\";N;s:8:\"headline\";N;s:16:\"mainEntityOfPage\";N;s:6:\"author\";N;s:5:\"image\";N;s:13:\"datePublished\";N;s:12:\"dateModified\";N;s:9:\"publisher\";N;s:14:\"publisherImage\";N;s:11:\"description\";N;s:11:\"articleBody\";N;s:19:\"alternativeHeadline\";N;}"],"_schema_blog_posting":["a:11:{s:6:\"active\";N;s:8:\"headline\";N;s:16:\"mainEntityOfPage\";N;s:6:\"author\";N;s:5:\"image\";N;s:13:\"datePublished\";N;s:12:\"dateModified\";N;s:9:\"publisher\";N;s:14:\"publisherImage\";N;s:11:\"description\";N;s:11:\"articleBody\";N;}"],"_schema_news_article":["a:11:{s:6:\"active\";N;s:8:\"headline\";N;s:16:\"mainEntityOfPage\";N;s:6:\"author\";N;s:5:\"image\";N;s:13:\"datePublished\";N;s:12:\"dateModified\";N;s:9:\"publisher\";N;s:14:\"publisherImage\";N;s:11:\"description\";N;s:11:\"articleBody\";N;}"],"_schema_event":["a:14:{s:6:\"active\";N;s:4:\"name\";N;s:12:\"locationName\";N;s:15:\"locationAddress\";N;s:9:\"startDate\";N;s:7:\"endDate\";N;s:11:\"description\";N;s:13:\"performerName\";N;s:5:\"image\";N;s:5:\"price\";N;s:13:\"priceCurrency\";N;s:12:\"availability\";N;s:9:\"validFrom\";N;s:3:\"url\";N;}"],"_schema_product":["a:20:{s:6:\"active\";N;s:4:\"name\";N;s:5:\"image\";N;s:11:\"description\";N;s:3:\"sku\";N;s:5:\"brand\";N;s:15:\"identifier_type\";s:3:\"mpn\";s:10:\"identifier\";N;s:17:\"reviewRatingValue\";N;s:16:\"reviewBestRating\";N;s:17:\"reviewWorstRating\";N;s:12:\"reviewAuthor\";N;s:11:\"ratingValue\";N;s:11:\"reviewCount\";N;s:5:\"price\";N;s:15:\"priceValidUntil\";N;s:13:\"priceCurrency\";N;s:12:\"availability\";N;s:13:\"itemCondition\";N;s:3:\"url\";N;}"],"_schema_video":["a:10:{s:6:\"active\";N;s:4:\"name\";N;s:11:\"description\";N;s:12:\"thumbnailUrl\";N;s:10:\"uploadDate\";N;s:8:\"duration\";N;s:10:\"contentUrl\";N;s:8:\"embedUrl\";N;s:16:\"interactionCount\";N;s:7:\"expires\";N;}"],"_schema_service":["a:13:{s:6:\"active\";N;s:4:\"name\";N;s:11:\"serviceType\";N;s:14:\"additionalType\";N;s:5:\"award\";N;s:8:\"category\";N;s:16:\"providerMobility\";N;s:11:\"description\";N;s:5:\"image\";N;s:16:\"mainEntityOfPage\";N;s:6:\"sameAs\";N;s:3:\"url\";N;s:13:\"alternateName\";N;}"],"_schema_review":["a:10:{s:6:\"active\";N;s:8:\"itemName\";N;s:10:\"reviewBody\";N;s:4:\"name\";N;s:6:\"author\";N;s:13:\"datePublished\";N;s:11:\"ratingValue\";N;s:10:\"bestRating\";N;s:11:\"worstRating\";N;s:9:\"publisher\";N;}"],"_schema_aggregate_rating":["a:13:{s:6:\"active\";N;s:11:\"schema_type\";N;s:4:\"name\";N;s:5:\"image\";N;s:10:\"priceRange\";N;s:9:\"telephone\";N;s:7:\"address\";N;s:11:\"description\";N;s:11:\"ratingCount\";N;s:11:\"reviewCount\";N;s:11:\"ratingValue\";N;s:10:\"bestRating\";N;s:11:\"worstRating\";N;}"],"_schema_restaurant":["a:10:{s:6:\"active\";N;s:4:\"name\";N;s:11:\"description\";N;s:12:\"openingHours\";N;s:9:\"telephone\";N;s:4:\"menu\";N;s:5:\"image\";N;s:7:\"address\";N;s:10:\"priceRange\";N;s:13:\"servesCuisine\";N;}"],"_schema_localBusiness":["a:10:{s:6:\"active\";N;s:4:\"name\";N;s:11:\"description\";N;s:5:\"image\";N;s:10:\"priceRange\";N;s:15:\"addressLocality\";N;s:13:\"addressRegion\";N;s:10:\"postalCode\";N;s:13:\"streetAddress\";N;s:9:\"telephone\";N;}"],"_schema_book":["a:0:{}"],"_schema_course":["a:0:{}"],"_schema_JobPosting":["a:0:{}"],"_schema_movie":["a:0:{}"],"_schema_music":["a:0:{}"],"_schema_recipe":["a:0:{}"],"_schema_TVEpisode":["a:0:{}"],"_schema_question":["a:0:{}"],"_schema_itemList":["a:0:{}"],"_kcseo_ative_tab":[""],"_yoast_wpseo_focuskeywords":["[]"],"_yoast_wpseo_keywordsynonyms":["[\"\"]"],"_yoast_wpseo_focuskw":["ati treiber"],"_yoast_wpseo_title":["ATI Treiber | Treiber automatisch aktualisieren | Driver Updater"],"_yoast_wpseo_metadesc":["lll\u27a4 Hier erhalten Sie Informationen f\u00fcr Service, Support und Treiber Updates f\u00fcr Ihre ATI Produkte. \u2713\u2713\u2713 Letzte Aktualisierung: %%currentmonth%% %%currentyear%% \u2705"],"_yoast_wpseo_linkdex":["67"],"_dp_original":["58599"],"_edit_lock":["1566329222:3"],"_edit_last":["3"],"uagb_style_timestamp-css":["1588148579"],"uag_style_timestamp-css":["1589880513"],"_uag_migration_processed":["1"],"_wpml_media_has_media":["1"],"_uagb_previous_block_counts":["a:90:{s:21:\"uagb\/advanced-heading\";i:0;s:15:\"uagb\/blockquote\";i:0;s:12:\"uagb\/buttons\";i:0;s:18:\"uagb\/buttons-child\";i:0;s:19:\"uagb\/call-to-action\";i:0;s:15:\"uagb\/cf7-styler\";i:0;s:11:\"uagb\/column\";i:0;s:12:\"uagb\/columns\";i:0;s:14:\"uagb\/container\";i:0;s:21:\"uagb\/content-timeline\";i:0;s:27:\"uagb\/content-timeline-child\";i:0;s:14:\"uagb\/countdown\";i:0;s:12:\"uagb\/counter\";i:0;s:8:\"uagb\/faq\";i:0;s:14:\"uagb\/faq-child\";i:0;s:10:\"uagb\/forms\";i:0;s:17:\"uagb\/forms-accept\";i:0;s:19:\"uagb\/forms-checkbox\";i:0;s:15:\"uagb\/forms-date\";i:0;s:16:\"uagb\/forms-email\";i:0;s:17:\"uagb\/forms-hidden\";i:0;s:15:\"uagb\/forms-name\";i:0;s:16:\"uagb\/forms-phone\";i:0;s:16:\"uagb\/forms-radio\";i:0;s:17:\"uagb\/forms-select\";i:0;s:19:\"uagb\/forms-textarea\";i:0;s:17:\"uagb\/forms-toggle\";i:0;s:14:\"uagb\/forms-url\";i:0;s:14:\"uagb\/gf-styler\";i:0;s:15:\"uagb\/google-map\";i:0;s:11:\"uagb\/how-to\";i:0;s:16:\"uagb\/how-to-step\";i:0;s:9:\"uagb\/icon\";i:0;s:14:\"uagb\/icon-list\";i:0;s:20:\"uagb\/icon-list-child\";i:0;s:10:\"uagb\/image\";i:0;s:18:\"uagb\/image-gallery\";i:0;s:13:\"uagb\/info-box\";i:0;s:18:\"uagb\/inline-notice\";i:0;s:11:\"uagb\/lottie\";i:0;s:21:\"uagb\/marketing-button\";i:0;s:10:\"uagb\/modal\";i:0;s:18:\"uagb\/popup-builder\";i:0;s:16:\"uagb\/post-button\";i:0;s:18:\"uagb\/post-carousel\";i:0;s:17:\"uagb\/post-excerpt\";i:0;s:14:\"uagb\/post-grid\";i:0;s:15:\"uagb\/post-image\";i:0;s:17:\"uagb\/post-masonry\";i:0;s:14:\"uagb\/post-meta\";i:0;s:18:\"uagb\/post-taxonomy\";i:0;s:18:\"uagb\/post-timeline\";i:0;s:15:\"uagb\/post-title\";i:0;s:20:\"uagb\/restaurant-menu\";i:0;s:26:\"uagb\/restaurant-menu-child\";i:0;s:11:\"uagb\/review\";i:0;s:12:\"uagb\/section\";i:1;s:14:\"uagb\/separator\";i:0;s:11:\"uagb\/slider\";i:0;s:17:\"uagb\/slider-child\";i:0;s:17:\"uagb\/social-share\";i:0;s:23:\"uagb\/social-share-child\";i:0;s:16:\"uagb\/star-rating\";i:0;s:23:\"uagb\/sure-cart-checkout\";i:0;s:22:\"uagb\/sure-cart-product\";i:0;s:15:\"uagb\/sure-forms\";i:0;s:22:\"uagb\/table-of-contents\";i:0;s:9:\"uagb\/tabs\";i:0;s:15:\"uagb\/tabs-child\";i:0;s:18:\"uagb\/taxonomy-list\";i:0;s:9:\"uagb\/team\";i:0;s:16:\"uagb\/testimonial\";i:0;s:14:\"uagb\/wp-search\";i:0;s:19:\"uagb\/instagram-feed\";i:0;s:10:\"uagb\/login\";i:0;s:17:\"uagb\/loop-builder\";i:0;s:18:\"uagb\/loop-category\";i:0;s:20:\"uagb\/loop-pagination\";i:0;s:15:\"uagb\/loop-reset\";i:0;s:16:\"uagb\/loop-search\";i:0;s:14:\"uagb\/loop-sort\";i:0;s:17:\"uagb\/loop-wrapper\";i:0;s:13:\"uagb\/register\";i:0;s:19:\"uagb\/register-email\";i:0;s:24:\"uagb\/register-first-name\";i:0;s:23:\"uagb\/register-last-name\";i:0;s:22:\"uagb\/register-password\";i:0;s:30:\"uagb\/register-reenter-password\";i:0;s:19:\"uagb\/register-terms\";i:0;s:22:\"uagb\/register-username\";i:0;}"],"_uagb_last_spectra_edit":["1776922113"],"_uag_page_assets":["a:9:{s:3:\"css\";s:635:\"#uagb-section-49da3ebb-691b-43d9-8e27-5a1a8ed5def1.uagb-section__wrap{padding-top: 0px;padding-bottom: 0px;padding-left: 0px;padding-right: 0px;margin-top: 0px;margin-bottom: 0px;border-style: none;margin-right: 0px;margin-left: 0px;max-width: 100%;}#uagb-section-49da3ebb-691b-43d9-8e27-5a1a8ed5def1 > .uagb-section__video-wrap{opacity: 0.5;}#uagb-section-49da3ebb-691b-43d9-8e27-5a1a8ed5def1 > .uagb-section__inner-wrap{max-width: 1300px;}#uagb-section-49da3ebb-691b-43d9-8e27-5a1a8ed5def1.wp-block-uagb-section{box-shadow: 0px 0px    ;}#uagb-section-49da3ebb-691b-43d9-8e27-5a1a8ed5def1 > .uagb-section__overlay{border-radius:    ;}\";s:2:\"js\";s:0:\"\";s:18:\"current_block_list\";a:4:{i:0;s:10:\"core\/image\";i:1;s:14:\"core\/paragraph\";i:2;s:12:\"core\/heading\";i:3;s:12:\"uagb\/section\";}s:8:\"uag_flag\";b:1;s:11:\"uag_version\";s:10:\"1777659703\";s:6:\"gfonts\";a:0:{}s:10:\"gfonts_url\";s:0:\"\";s:12:\"gfonts_files\";a:0:{}s:14:\"uag_faq_layout\";b:0;}"]},"uagb_featured_image_src":{"full":false,"thumbnail":false,"medium":false,"medium_large":false,"large":false,"1536x1536":false,"2048x2048":false},"uagb_author_info":{"display_name":"Ulrich Engelmann","author_link":"https:\/\/engelmann.com\/de\/author\/uengelmann\/"},"uagb_comment_info":0,"uagb_excerpt":"Support, Treiber Updates und Treiber Downloads zum Hardware Hersteller&nbsp;ATI: Kontaktdaten ATI Die Firmenanschrift von ATI lautet: ATI Technologies Inc.&nbsp;(kurz&nbsp;ATI) 1 Commerce Valley Drive East MarkhamON, ... Details \u279c","_links":{"self":[{"href":"https:\/\/engelmann.com\/de\/wp-json\/wp\/v2\/pages\/59140","targetHints":{"allow":["GET"]}}],"collection":[{"href":"https:\/\/engelmann.com\/de\/wp-json\/wp\/v2\/pages"}],"about":[{"href":"https:\/\/engelmann.com\/de\/wp-json\/wp\/v2\/types\/page"}],"author":[{"embeddable":true,"href":"https:\/\/engelmann.com\/de\/wp-json\/wp\/v2\/users\/3"}],"replies":[{"embeddable":true,"href":"https:\/\/engelmann.com\/de\/wp-json\/wp\/v2\/comments?post=59140"}],"version-history":[{"count":5,"href":"https:\/\/engelmann.com\/de\/wp-json\/wp\/v2\/pages\/59140\/revisions"}],"predecessor-version":[{"id":59159,"href":"https:\/\/engelmann.com\/de\/wp-json\/wp\/v2\/pages\/59140\/revisions\/59159"}],"wp:attachment":[{"href":"https:\/\/engelmann.com\/de\/wp-json\/wp\/v2\/media?parent=59140"}],"curies":[{"name":"wp","href":"https:\/\/api.w.org\/{rel}","templated":true}]}}